{"id":2363,"date":"2018-03-28T02:15:50","date_gmt":"2018-03-28T07:15:50","guid":{"rendered":"http:\/\/gadprsietedejulio.gob.ec\/?page_id=2363"},"modified":"2024-02-02T16:19:38","modified_gmt":"2024-02-02T21:19:38","slug":"ano-2018","status":"publish","type":"page","link":"https:\/\/gadprsietedejulio.gob.ec\/?page_id=2363","title":{"rendered":"Rendicion de cuentas 2018"},"content":{"rendered":"<h6><span style=\"color: #33cccc;\">PROCESO DE RENDICI\u00d3N DE CUENTAS A\u00d1O 2017<\/span><\/h6>\n<p>Art. 88.- Derecho ciudadano a la rendici\u00f3n de cuentas.- Las ciudadanas y ciudadanos, en forma individual o colectiva, comunas, comunidades, pueblos y nacionalidades ind\u00edgenas, pueblos afroecuatoriano y montubio, y dem\u00e1s formas l\u00edcitas de organizaci\u00f3n, podr\u00e1n solicitar una vez al a\u00f1o la rendici\u00f3n de cuentas a las instituciones p\u00fablicas o privadas que presten servicios p\u00fablicos, manejen recursos p\u00fablicos o desarrollen actividades de inter\u00e9s p\u00fablico, as\u00ed como a los medios de comunicaci\u00f3n social, siempre que tal rendici\u00f3n de cuentas no est\u00e9 contemplada mediante otro procedimiento en la Constituci\u00f3n y las leyes.<\/p>\n<p><a href=\"http:\/\/gadprsietedejulio.gob.ec\/wp-content\/uploads\/2018\/03\/oficio-de-reunion-1.pdf\">oficio de reunion <\/a><\/p>\n<p><a href=\"http:\/\/gadprsietedejulio.gob.ec\/wp-content\/uploads\/2018\/03\/convocatoria-1.pdf\">convocatoria<\/a><\/p>\n<p><a href=\"http:\/\/gadprsietedejulio.gob.ec\/wp-content\/uploads\/2018\/03\/levantamiento-de-consulta.pdf\">levantamiento de consulta<\/a><\/p>\n<p><a href=\"http:\/\/gadprsietedejulio.gob.ec\/wp-content\/uploads\/2018\/03\/respuestas.pdf\">respuestas<\/a><\/p>\n<p><a href=\"http:\/\/gadprsietedejulio.gob.ec\/wp-content\/uploads\/2018\/03\/Nuevo-Documento-de-Microsoft-Word.pdf\">Invitacion a autoridades y comunidad<\/a><\/p>\n<p><a href=\"http:\/\/gadprsietedejulio.gob.ec\/wp-content\/uploads\/2018\/04\/Sigad.pdf\">Sigad<\/a><\/p>\n<p>&nbsp;<\/p>\n<p>&nbsp;<\/p>\n<p>&nbsp;<\/p>\n","protected":false},"excerpt":{"rendered":"<p>PROCESO DE RENDICI\u00d3N DE CUENTAS A\u00d1O 2017 Art. 88.- Derecho ciudadano a la rendici\u00f3n de cuentas.- Las ciudadanas y ciudadanos, en forma individual o colectiva, comunas, comunidades, pueblos y nacionalidades ind\u00edgenas, pueblos afroecuatoriano y montubio, y dem\u00e1s formas l\u00edcitas de organizaci\u00f3n, podr\u00e1n solicitar una vez al a\u00f1o la rendici\u00f3n de<\/p>\n","protected":false},"author":1,"featured_media":0,"parent":3984,"menu_order":4,"comment_status":"closed","ping_status":"closed","template":"","meta":{"footnotes":""},"class_list":["post-2363","page","type-page","status-publish","hentry"],"_links":{"self":[{"href":"https:\/\/gadprsietedejulio.gob.ec\/index.php?rest_route=\/wp\/v2\/pages\/2363","targetHints":{"allow":["GET"]}}],"collection":[{"href":"https:\/\/gadprsietedejulio.gob.ec\/index.php?rest_route=\/wp\/v2\/pages"}],"about":[{"href":"https:\/\/gadprsietedejulio.gob.ec\/index.php?rest_route=\/wp\/v2\/types\/page"}],"author":[{"embeddable":true,"href":"https:\/\/gadprsietedejulio.gob.ec\/index.php?rest_route=\/wp\/v2\/users\/1"}],"replies":[{"embeddable":true,"href":"https:\/\/gadprsietedejulio.gob.ec\/index.php?rest_route=%2Fwp%2Fv2%2Fcomments&post=2363"}],"version-history":[{"count":12,"href":"https:\/\/gadprsietedejulio.gob.ec\/index.php?rest_route=\/wp\/v2\/pages\/2363\/revisions"}],"predecessor-version":[{"id":3961,"href":"https:\/\/gadprsietedejulio.gob.ec\/index.php?rest_route=\/wp\/v2\/pages\/2363\/revisions\/3961"}],"up":[{"embeddable":true,"href":"https:\/\/gadprsietedejulio.gob.ec\/index.php?rest_route=\/wp\/v2\/pages\/3984"}],"wp:attachment":[{"href":"https:\/\/gadprsietedejulio.gob.ec\/index.php?rest_route=%2Fwp%2Fv2%2Fmedia&parent=2363"}],"curies":[{"name":"wp","href":"https:\/\/api.w.org\/{rel}","templated":true}]}}