{"id":30,"date":"2015-01-31T18:49:14","date_gmt":"2015-01-31T18:49:14","guid":{"rendered":"http:\/\/gadprsietedejulio.gob.ec\/?page_id=30"},"modified":"2024-07-26T11:16:40","modified_gmt":"2024-07-26T16:16:40","slug":"historia","status":"publish","type":"page","link":"https:\/\/gadprsietedejulio.gob.ec\/?page_id=30","title":{"rendered":"Historia"},"content":{"rendered":"<h3 style=\"text-align: center;\"><span style=\"color: #33cccc;\">RESE\u00d1A HIST\u00d3RICA DE LA PARROQUIA SIETE DE JULIO<\/span><\/h3>\n<p>La Parroquia Siete de Julio fue elevada a la jerarqu\u00eda de Parroquia el 9 de mayo de 1989, sin embargo, su historia se remonta el a\u00f1o de 1972, cuando un grupo de Ecuatorianos se re\u00fanen en Quevedo, Provincia de los r\u00edos con el prop\u00f3sito de conseguir terrenos en la regi\u00f3n oriental del Pa\u00eds. Las personas que se organizaron con este fin, se asociaron y dieron origen a la agrupaci\u00f3n Uni\u00f3n Manabita.<\/p>\n<p>Entre tales personas figuraban los nombres de:<\/p>\n<p>Sr. Wilson Navia, Sr. Huberto Segovia, Sr. Jos\u00e9 Godo, Sr. Calixto Saavedra, Sr. Jos\u00e9 Saldariaga, Sr. Luis Guarachito, Sr. Felipe Briones, Sr. V\u00edctor De La Cruz, Sr. Jorge Vallejo, Rosa Sr. Uribe, Jos\u00e9 Moreira, Sr. Abd\u00f3n Suarez, Sr. Jos\u00e9 Romero, Sr. Edison Montenegro, Sr. Jorge Guevara, Sr. Sebasti\u00e1n Mero, Sr. V\u00edctor Piloso, Sr. Isaac Lucero, Sr. Ermo Lava, Sr. Sixto Medranda; entre otros.<\/p>\n<p>En 1979, un grupo de moradores organizaron una directiva que ten\u00eda como principal prop\u00f3sito la creaci\u00f3n del centro poblado. Esta directiva estuvo formada por:<\/p>\n<p><strong>Presidente:<\/strong> Sr. Jos\u00e9 Godo,<\/p>\n<p><strong>Secretario:<\/strong> Sr. Isaac Lucero,<\/p>\n<p><strong>Tesorero:<\/strong> Sr. Marco Piloso.<\/p>\n<p>El directorio mencionado inicio los trabajos de topograf\u00eda y cartograf\u00eda, los mismos que culminaron en la lotizaci\u00f3n de los terrenos que fueron puestos a la venta a un precio de $ 500 Sucres cada solar.<\/p>\n<p>La adquisici\u00f3n de los terrenos fue acompa\u00f1ada de la construcci\u00f3n de las primeras casas de madero en lo que hoy es la Parroquia Siete de Julio, nombre en honor a su fecha de creaci\u00f3n. La creaci\u00f3n en la nueva Provincia de Sucumb\u00edos, producida el 13 de febrero de 1989, trae consigo cambios en el orden geogr\u00e1fico de esta regi\u00f3n, elevando a Shushufindi a la categor\u00eda de Cant\u00f3n e incluyendo a la Parroquia Siete de Julio dentro de su jurisdicci\u00f3n Cantonal, al momento de la creaci\u00f3n de la Parroquia Siete de Julio est\u00e1 contada con las siguientes Pre Cooperativas:<\/p>\n<p><strong>1.<\/strong> Pre Cooperativa Luz de Am\u00e9rica,<\/p>\n<p><strong>2.<\/strong> Pre Cooperativa Uni\u00f3n Paltence,<\/p>\n<p><strong>3.<\/strong> Pre Cooperativa Uni\u00f3n San Antonio,<\/p>\n<p><strong>4.<\/strong> Pre Cooperativa Nueva Esmeraldas<\/p>\n<p><strong>5.<\/strong> Pre Cooperativa Francisco Pizarro,<\/p>\n<p><strong>6.<\/strong> Pre Cooperativa Abd\u00f3n Calder\u00f3n,<\/p>\n<p><strong>7.<\/strong> Pre Cooperativa Nuevo Para\u00edso.<\/p>\n<p>Actualmente la Parroquia Siete de Julio cuenta con las siguientes instituciones que prestan servicio a la comunidad:<\/p>\n<ul>\n<li>Gad Parroquial Rural Siete de Julio,<\/li>\n<li>Tenencia Pol\u00edtica,<\/li>\n<li>Junta Administrativa de Agua Potable,<\/li>\n<li>Sub-centro de salud y<\/li>\n<li>Un Centro artesanal de corte, confecci\u00f3n y belleza.<\/li>\n<li>Adem\u00e1s la parroquia cuenta con tres escuelas, un colegio presencial y un colegio a distancia. En aspectos religiosos, en la Parroquia Siete de Julio se asienta cuatro iglesias cat\u00f3licas, una iglesia de testigos de Jehov\u00e1 y una iglesia Pentecostal<\/li>\n<\/ul>\n<div class=\"mceTemp\"><\/div>\n","protected":false},"excerpt":{"rendered":"<p>RESE\u00d1A HIST\u00d3RICA DE LA PARROQUIA SIETE DE JULIO La Parroquia Siete de Julio fue elevada a la jerarqu\u00eda de Parroquia el 9 de mayo de 1989, sin embargo, su historia se remonta el a\u00f1o de 1972, cuando un grupo de Ecuatorianos se re\u00fanen en Quevedo, Provincia de los r\u00edos con<\/p>\n","protected":false},"author":1,"featured_media":0,"parent":18,"menu_order":1,"comment_status":"closed","ping_status":"closed","template":"","meta":{"footnotes":""},"class_list":["post-30","page","type-page","status-publish","hentry"],"_links":{"self":[{"href":"https:\/\/gadprsietedejulio.gob.ec\/index.php?rest_route=\/wp\/v2\/pages\/30","targetHints":{"allow":["GET"]}}],"collection":[{"href":"https:\/\/gadprsietedejulio.gob.ec\/index.php?rest_route=\/wp\/v2\/pages"}],"about":[{"href":"https:\/\/gadprsietedejulio.gob.ec\/index.php?rest_route=\/wp\/v2\/types\/page"}],"author":[{"embeddable":true,"href":"https:\/\/gadprsietedejulio.gob.ec\/index.php?rest_route=\/wp\/v2\/users\/1"}],"replies":[{"embeddable":true,"href":"https:\/\/gadprsietedejulio.gob.ec\/index.php?rest_route=%2Fwp%2Fv2%2Fcomments&post=30"}],"version-history":[{"count":11,"href":"https:\/\/gadprsietedejulio.gob.ec\/index.php?rest_route=\/wp\/v2\/pages\/30\/revisions"}],"predecessor-version":[{"id":4351,"href":"https:\/\/gadprsietedejulio.gob.ec\/index.php?rest_route=\/wp\/v2\/pages\/30\/revisions\/4351"}],"up":[{"embeddable":true,"href":"https:\/\/gadprsietedejulio.gob.ec\/index.php?rest_route=\/wp\/v2\/pages\/18"}],"wp:attachment":[{"href":"https:\/\/gadprsietedejulio.gob.ec\/index.php?rest_route=%2Fwp%2Fv2%2Fmedia&parent=30"}],"curies":[{"name":"wp","href":"https:\/\/api.w.org\/{rel}","templated":true}]}}