{"id":5,"date":"2015-01-31T15:48:28","date_gmt":"2015-01-31T15:48:28","guid":{"rendered":"http:\/\/gadprsietedejulio.gob.ec\/?page_id=5"},"modified":"2023-11-28T11:48:55","modified_gmt":"2023-11-28T16:48:55","slug":"informacion-general","status":"publish","type":"page","link":"https:\/\/gadprsietedejulio.gob.ec\/?page_id=5","title":{"rendered":"Informacion General"},"content":{"rendered":"<h3>Registro Oficial: <a href=\"https:\/\/drive.google.com\/file\/d\/1pfxb68hQpZ4TzyPshXaxuIfy191xv6KV\/view?usp=sharing\">Creacion de la Parroquia 7 de Julio<\/a><\/h3>\n<h3 style=\"text-align: left;\"><strong>Ubicacion<\/strong><\/h3>\n<p>Siete de Julio es tierra Productiva y Petrolera, donde radica la belleza natural, con gente muy amable y trabajadora, se encuentra ubicada en el Km. 7 via a Shushufindi limita al norte con la Parroquia El Eno, al Sur con la Provincia de Orellana, al Este con el Canton Shushufindi y al Oeste\u00a0 con la Provincia de Orellana.<\/p>\n<h3><strong>Limites de la Parroquia<\/strong><\/h3>\n<p><strong>NORTE<\/strong>: Parroquia El Eno y Dureno. Del punto N\u00ba 1, ubicado en la afluencia del R\u00edo Conambo en el R\u00edo El Eno, al curso del ultimo r\u00edo indicado, aguas abajo, hasta el punto N\u00ba2, \u00a0de coordenadas 0o 03\u00b433\u201d de latitud sur y 76o 40\u00b454\u201d de longitud occidental, ubicado a la misma longitud geogr\u00e1fica del cruce del Estero La Esmeralda con la v\u00eda que conduce a Shushufindi y que empalma a la carretera lago Agr\u00edo Coca.<\/p>\n<p><strong>SUR<\/strong>: Provincia de Orellana, parroquia de Shushufindi y San Pedro de los Cofanes. De la afluencia del estero sin nombre N\u00ba 1 en el r\u00edo Jivino verde el curso del r\u00edo se\u00f1alado, aguas arriba, hasta la afluencia del estero sin nombre N\u00ba 2 en el punto N\u00ba 6 de coordenadas geogr\u00e1ficas 0o 14\u00b441\u201d de latitud sur y 76o 48\u00b438\u201d de longitud occidental localizado a 4.3km. Aguas arriba de la afluencia del estero N\u00ba 1.<\/p>\n<p><strong>ESTE<\/strong>: Parroquia Shushufindi. Del punto N\u00ba 2, un meridiano geogr\u00e1fico hacia el sur, hasta el punto N\u00ba 3 de coordenadas geogr\u00e1ficas 0o 11\u00b400\u201d de latitud sur y 76o 42\u00b454\u201d de longitud occidental, donde cruza el estero la esmeralda con la v\u00eda a Shushufindi que viene de su empalme con la carretera lago agrio-coca, y que se encuentra a 3.45 km, al oeste del primer cruce del r\u00edo Shushufindi con la v\u00eda indicada; del cruce del estero \u00b4La Esmeralda con la v\u00eda a Shushufindi antes se\u00f1alada, una alineaci\u00f3n al sur-oeste, hasta el punto N\u00ba 4 de coordenadas geogr\u00e1ficas 0o 14\u00b426\u201d de latitud sur y 76o 45\u00b404\u201d de longitud occidental, localizado en los or\u00edgenes de los esteros sin nombre N\u00ba 1 de estos or\u00edgenes, el curso del estero indicado, aguas abajo hasta su afluencia en el r\u00edo Jivino verde; en el punto N\u00ba 5 de coordenadas geogr\u00e1ficas 0o 15\u00b427\u201d de latitud sur y 76o 45\u00b435\u201d de longitud occidental, el mismo que se encuentra a 550m aguas arriba de la afluencia del r\u00edo jivino azul.<\/p>\n<p><strong>OESTE<\/strong>: Parroquia de San Pedro de los Cofanes. De la afluencia del estero sin nombre N\u00ba2 en el r\u00edo jivino verde, el curso del estero se\u00f1alado, aguas arriba, hasta sus naciente en el punto N\u00ba 7 de coordenadas geogr\u00e1ficas 0o 09\u00b436\u201d de latitud sur y 76o 48\u00b438\u201d de longitud occidental; de estas nacientes, una alineaci\u00f3n al noroeste, hasta el punto N\u00b0 1 ubicado en la afluencia del r\u00edo Conambo en el r\u00edo el Eno.<\/p>\n<h3><strong>Clima<\/strong><\/h3>\n<p>De acuerdo con los p\u00e1rametros de precipitaciones y temperaturas, el \u00e1rea de estudios presenta dos tipos de climas:<\/p>\n<h5>a) <strong>Tropical lluvioso<\/strong><\/h5>\n<p>De selva tropical se caracteriza por una temperatura media elevada mayores a los 22\u00b0C y abundante precipitacion durante solo una estacion lluviosa.<\/p>\n<h5>b) <strong>Tropical Mega Temico muy Humedo.<\/strong><\/h5>\n<p>La mas alta temperatura de 25-25,5\u00b0C<\/p>\n<h3><strong>Poblaci\u00f3n<\/strong><\/h3>\n<p>Seg\u00fan el \u00faltimo censo del a\u00f1o 2010, en la Parroquia somos 3.813 habitantes, de los cuales 2044 son hombres\u00a0 y 1769 son mujeres.<\/p>\n","protected":false},"excerpt":{"rendered":"<p>Registro Oficial: Creacion de la Parroquia 7 de Julio Ubicacion Siete de Julio es tierra Productiva y Petrolera, donde radica la belleza natural, con gente muy amable y trabajadora, se encuentra ubicada en el Km. 7 via a Shushufindi limita al norte con la Parroquia El Eno, al Sur con<\/p>\n","protected":false},"author":1,"featured_media":0,"parent":18,"menu_order":0,"comment_status":"closed","ping_status":"closed","template":"","meta":{"footnotes":""},"class_list":["post-5","page","type-page","status-publish","hentry"],"_links":{"self":[{"href":"https:\/\/gadprsietedejulio.gob.ec\/index.php?rest_route=\/wp\/v2\/pages\/5","targetHints":{"allow":["GET"]}}],"collection":[{"href":"https:\/\/gadprsietedejulio.gob.ec\/index.php?rest_route=\/wp\/v2\/pages"}],"about":[{"href":"https:\/\/gadprsietedejulio.gob.ec\/index.php?rest_route=\/wp\/v2\/types\/page"}],"author":[{"embeddable":true,"href":"https:\/\/gadprsietedejulio.gob.ec\/index.php?rest_route=\/wp\/v2\/users\/1"}],"replies":[{"embeddable":true,"href":"https:\/\/gadprsietedejulio.gob.ec\/index.php?rest_route=%2Fwp%2Fv2%2Fcomments&post=5"}],"version-history":[{"count":14,"href":"https:\/\/gadprsietedejulio.gob.ec\/index.php?rest_route=\/wp\/v2\/pages\/5\/revisions"}],"predecessor-version":[{"id":3969,"href":"https:\/\/gadprsietedejulio.gob.ec\/index.php?rest_route=\/wp\/v2\/pages\/5\/revisions\/3969"}],"up":[{"embeddable":true,"href":"https:\/\/gadprsietedejulio.gob.ec\/index.php?rest_route=\/wp\/v2\/pages\/18"}],"wp:attachment":[{"href":"https:\/\/gadprsietedejulio.gob.ec\/index.php?rest_route=%2Fwp%2Fv2%2Fmedia&parent=5"}],"curies":[{"name":"wp","href":"https:\/\/api.w.org\/{rel}","templated":true}]}}